{"id":1367,"date":"2023-06-14T18:55:46","date_gmt":"2023-06-14T18:55:46","guid":{"rendered":"\/?page_id=1367"},"modified":"2026-03-30T09:52:25","modified_gmt":"2026-03-30T09:52:25","slug":"coffee","status":"publish","type":"page","link":"https:\/\/perception-log.com\/ar\/coffee\/","title":{"rendered":"\u0642\u0647\u0648\u0629"},"content":{"rendered":"<section class=\"wpb-content-wrapper\"><div class=\"vc_row wpb_row vc_row-fluid\"><div class=\"wpb_column vc_column_container vc_col-sm-6\"><div class=\"vc_column-inner\"><div class=\"wpb_wrapper\">\n\t<div  class=\"wpb_single_image wpb_content_element vc_align_left\">\n\t\t\n\t\t<figure class=\"wpb_wrapper vc_figure\">\n\t\t\t<div class=\"vc_single_image-wrapper   vc_box_border_grey\"><img decoding=\"async\" width=\"724\" height=\"1024\" src=\"data:image\/svg+xml,%3Csvg%20xmlns%3D&#39;http%3A%2F%2Fwww.w3.org%2F2000%2Fsvg&#39;%20width=&#39;724&#39;%20height=&#39;1024&#39;%20viewBox%3D&#39;0%200%20724%201024&#39;%2F%3E\" data-czlz data-src=\"https:\/\/perception-log.com\/wp-content\/uploads\/2026\/03\/CoffePag-2-724x1024.jpeg\" class=\"vc_single_image-img attachment-large\" alt=\"\" title=\"CoffePag 2\" data-srcset=\"https:\/\/perception-log.com\/wp-content\/uploads\/2026\/03\/CoffePag-2-724x1024.jpeg 724w, https:\/\/perception-log.com\/wp-content\/uploads\/2026\/03\/CoffePag-2-212x300.jpeg 212w, https:\/\/perception-log.com\/wp-content\/uploads\/2026\/03\/CoffePag-2-768x1086.jpeg 768w, https:\/\/perception-log.com\/wp-content\/uploads\/2026\/03\/CoffePag-2-1086x1536.jpeg 1086w, https:\/\/perception-log.com\/wp-content\/uploads\/2026\/03\/CoffePag-2-8x12.jpeg 8w, https:\/\/perception-log.com\/wp-content\/uploads\/2026\/03\/CoffePag-2-600x849.jpeg 600w, https:\/\/perception-log.com\/wp-content\/uploads\/2026\/03\/CoffePag-2.jpeg 1131w\" data-sizes=\"(max-width: 724px) 100vw, 724px\" \/><\/div>\n\t\t<\/figure>\n\t<\/div>\n<\/div><\/div><\/div><div class=\"wpb_column vc_column_container vc_col-sm-6\"><div class=\"vc_column-inner\"><div class=\"wpb_wrapper\">\n\t<div  class=\"wpb_single_image wpb_content_element vc_align_left\">\n\t\t\n\t\t<figure class=\"wpb_wrapper vc_figure\">\n\t\t\t<div class=\"vc_single_image-wrapper   vc_box_border_grey\"><img decoding=\"async\" width=\"724\" height=\"1024\" src=\"data:image\/svg+xml,%3Csvg%20xmlns%3D&#39;http%3A%2F%2Fwww.w3.org%2F2000%2Fsvg&#39;%20width=&#39;724&#39;%20height=&#39;1024&#39;%20viewBox%3D&#39;0%200%20724%201024&#39;%2F%3E\" data-czlz data-src=\"https:\/\/perception-log.com\/wp-content\/uploads\/2026\/03\/CoffePag-1-724x1024.jpeg\" class=\"vc_single_image-img attachment-large\" alt=\"\" title=\"CoffePag 1\" data-srcset=\"https:\/\/perception-log.com\/wp-content\/uploads\/2026\/03\/CoffePag-1-724x1024.jpeg 724w, https:\/\/perception-log.com\/wp-content\/uploads\/2026\/03\/CoffePag-1-212x300.jpeg 212w, https:\/\/perception-log.com\/wp-content\/uploads\/2026\/03\/CoffePag-1-768x1086.jpeg 768w, https:\/\/perception-log.com\/wp-content\/uploads\/2026\/03\/CoffePag-1-1086x1536.jpeg 1086w, https:\/\/perception-log.com\/wp-content\/uploads\/2026\/03\/CoffePag-1-8x12.jpeg 8w, https:\/\/perception-log.com\/wp-content\/uploads\/2026\/03\/CoffePag-1-600x849.jpeg 600w, https:\/\/perception-log.com\/wp-content\/uploads\/2026\/03\/CoffePag-1.jpeg 1131w\" data-sizes=\"(max-width: 724px) 100vw, 724px\" \/><\/div>\n\t\t<\/figure>\n\t<\/div>\n<\/div><\/div><\/div><\/div><div data-vc-full-width=\"true\" data-vc-full-width-init=\"false\" data-vc-stretch-content=\"true\" class=\"vc_row wpb_row vc_row-fluid wpb_animate_when_almost_visible wpb_fadeIn fadeIn vc_row-no-padding vc_row-o-full-height vc_row-o-columns-stretch vc_row-o-equal-height vc_row-o-content-middle vc_row-flex\"><div class=\"wpb_column vc_column_container vc_col-sm-6 vc_col-xs-12 vc_col-has-fill\"><div class=\"vc_column-inner vc_custom_1513589022004\"><div class=\"wpb_wrapper\"><div id=\"cz_46103\" class=\"cz_46103 cz_title clr cz_title_pos_inline\"><div class=\"cz_title_content\"><div class=\"cz_wpe_content\"><\/div><\/div><\/div><div id=\"cz_46103\" class=\"cz_46103 cz_title clr cz_title_pos_inline\"><div class=\"cz_title_content\"><div class=\"cz_wpe_content\"><\/div><\/div><\/div><div id=\"cz_92471\" class=\"cz_92471 cz_title clr cz_mobile_text_center cz_title_has_icon cz_title_pos_inline\"><div class=\"cz_title_content\"><i class=\"cz_title_icon_before cz_title_number\"><span>1<\/span><\/i><div class=\"cz_wpe_content\"><div style=\"line-height: 1;\"><span style=\"font-size: 90px; font-weight: bold; display: block;\">\u0642\u0647\u0648\u0629 \u0639\u0631\u0628\u064a\u0629<\/span><\/div>\n<\/div><\/div><\/div><div class=\"relative\"><div id=\"cz_75644\" class=\"cz_75644 cz_line tac\"><\/div><\/div><div class=\"clr\"><\/div><div id=\"cz_56976\" class=\"cz_56976 cz_title clr cz_mobile_text_center cz_title_has_icon cz_title_pos_inline\"><div class=\"cz_title_content\"><i class=\"cz_title_icon_before cz_title_number\"><span>2<\/span><\/i><div class=\"cz_wpe_content\"><div style=\"line-height: 1;\"><span style=\"font-size: 90px; font-weight: bold; display: block;\">\u0642\u0647\u0648\u0629 \u0643\u0648\u0646\u064a\u0644\u0648\u0646<\/span><\/div>\n<\/div><\/div><\/div><div class=\"relative\"><div id=\"cz_75644\" class=\"cz_75644 cz_line tac\"><\/div><\/div><div class=\"clr\"><\/div><div id=\"cz_29221\" class=\"cz_29221 cz_title clr cz_mobile_text_center cz_title_has_icon cz_title_pos_inline\"><div class=\"cz_title_content\"><i class=\"cz_title_icon_before cz_title_number\"><span>3<\/span><\/i><div class=\"cz_wpe_content\"><div style=\"line-height: 1;\"><span style=\"font-size: 90px; font-weight: bold; display: block;\">\u0642\u0647\u0648\u0629 \u0635\u0644\u0628\u0629<\/span><\/div>\n<\/div><\/div><\/div><div class=\"relative\"><div id=\"cz_75644\" class=\"cz_75644 cz_line tac\"><\/div><\/div><div class=\"clr\"><\/div><\/div><\/div><\/div><div class=\"wpb_column vc_column_container vc_col-sm-6 vc_col-xs-12 vc_col-has-fill\"><div class=\"vc_column-inner vc_custom_1686769259364\"><div class=\"wpb_wrapper\"><\/div><\/div><\/div><\/div><div class=\"vc_row-full-width vc_clearfix\"><\/div><div data-vc-full-width=\"true\" data-vc-full-width-init=\"false\" data-vc-stretch-content=\"true\" class=\"vc_row wpb_row vc_row-fluid wpb_animate_when_almost_visible wpb_fadeIn fadeIn vc_row-no-padding vc_row-o-full-height vc_row-o-columns-stretch vc_row-o-equal-height vc_row-o-content-middle vc_row-flex\"><div class=\"wpb_column vc_column_container vc_col-sm-6 vc_col-xs-12 vc_col-has-fill\"><div class=\"vc_column-inner vc_custom_1686769362210\"><div class=\"wpb_wrapper\"><\/div><\/div><\/div><div class=\"wpb_column vc_column_container vc_col-sm-6 vc_col-xs-12 vc_col-has-fill\"><div class=\"vc_column-inner vc_custom_1513589022004\"><div class=\"wpb_wrapper\"><div id=\"cz_46103\" class=\"cz_46103 cz_title clr cz_title_pos_inline\"><div class=\"cz_title_content\"><div class=\"cz_wpe_content\"><\/div><\/div><\/div><div id=\"cz_73536\" class=\"cz_73536 cz_title clr cz_title_pos_inline\"><div class=\"cz_title_content\"><div class=\"cz_wpe_content\"><p style=\"text-align: left;\"><span class=\"fontstyle0\"><p style=\"text-align:right\">\u062a\u062a\u0645\u064a\u0632 \u0642\u0647\u0648\u0629 \u0623\u0631\u0627\u0628\u064a\u0643\u0627 \u0628\u0625\u0646\u062a\u0627\u062c\u064a\u0629 \u0623\u0642\u0644 \u060c \u0648\u0644\u0643\u0646 \u0639\u0644\u0649 \u0627\u0644\u0631\u063a\u0645 \u0645\u0646 \u0642\u0644\u0629 \u0627\u0644\u0625\u0632\u0647\u0627\u0631 \u060c \u0625\u0644\u0627 \u0623\u0646\u0647\u0627 \u0645\u0642\u0627\u0648\u0645\u0629 \u0644\u0644\u0623\u0645\u0631\u0627\u0636.<\/p><\/span><\/p>\n<p>&nbsp;<\/p>\n<p style=\"text-align: left;\"><span class=\"fontstyle0\"><p style=\"text-align:right\">\u0646\u0638\u0631\u064b\u0627 \u0644\u0623\u0646 \u0646\u0643\u0647\u062a\u0647\u0627 \u0645\u0642\u0628\u0648\u0644\u0629 \u0639\u0644\u0649 \u0646\u0637\u0627\u0642 \u0648\u0627\u0633\u0639 \u0641\u064a \u0627\u0644\u0623\u0633\u0648\u0627\u0642 \u0627\u0644\u0648\u0637\u0646\u064a\u0629 \u0648\u0627\u0644\u062f\u0648\u0644\u064a\u0629 \u060c \u0641\u0625\u0646 \u0623\u0631\u0627\u0628\u064a\u0643\u0627 \u062a\u0645\u062b\u0644 \u062d\u0648\u0627\u0644\u064a 75 \u066a \u0645\u0646 \u0627\u0644\u0625\u0646\u062a\u0627\u062c \u0627\u0644\u0639\u0627\u0644\u0645\u064a.<\/p><\/span><\/p>\n<p>&nbsp;<\/p>\n<p style=\"text-align: left;\"><span class=\"fontstyle0\"><p style=\"text-align:right\">\u062a\u0624\u062b\u0631 \u0639\u0648\u0627\u0645\u0644 \u0645\u062b\u0644 \u0627\u0644\u0631\u0637\u0648\u0628\u0629 \u0627\u0644\u0646\u0633\u0628\u064a\u0629 \u0648\u0627\u0644\u0627\u0631\u062a\u0641\u0627\u0639 \u0639\u0644\u0649 \u0625\u0646\u062a\u0627\u062c\u064a\u0629 \u0627\u0644\u0642\u0647\u0648\u0629 \u0648\u062c\u0648\u062f\u0629 \u0627\u0644\u0645\u0634\u0631\u0648\u0628\u0627\u062a.<p \/><\/span><\/p>\n<p>&nbsp;<\/p>\n<p style=\"text-align: left;\"><span class=\"fontstyle0\"><p style=\"text-align:right\">\u0644\u0630\u0644\u0643 \u060c \u064a\u062c\u0628 \u0632\u0631\u0627\u0639\u0629 \u0628\u0646 \u0643\u0648\u0646\u064a\u0644\u0648\u0646 \u0648\u0623\u0631\u0627\u0628\u064a\u0643\u0627 \u0641\u064a \u0645\u0646\u0627\u0637\u0642 \u062a\u062a\u0631\u0627\u0648\u062d \u0628\u064a\u0646 450 \u0648 800 \u0645\u062a\u0631. \u0645\u0639 \u0647\u0630\u0627 \u060c \u064a\u062d\u0635\u0644 \u0643\u0644\u0627\u0647\u0645\u0627 \u0639\u0644\u0649 \u0645\u0639\u0627\u064a\u064a\u0631 \u062c\u0648\u062f\u0629 \u0645\u062b\u0627\u0644\u064a\u0629 \u0644\u0644\u0633\u0648\u0642.<\/p><\/span><\/p>\n<\/div><\/div><\/div><div id=\"cz_47711\" class=\"cz_47711 cz_title clr cz_title_pos_inline\"><div class=\"cz_title_content\"><div class=\"cz_wpe_content\"><p style=\"text-align: left;\"><span class=\"fontstyle0\"><p style=\"text-align:right\">\u064a\u0646\u062a\u062c \u0639\u0646 \u062d\u0628\u0648\u0628 \u0628\u0646 \u0623\u0631\u0627\u0628\u064a\u0643\u0627 \u0645\u0634\u0631\u0648\u0628\u064b\u0627 \u0633\u0644\u0633\u064b\u0627 \u0648\u0645\u0643\u0631\u0631\u064b\u0627 \u060c \u0645\u0639 \u0627\u062e\u062a\u0644\u0627\u0641\u0627\u062a \u0641\u064a \u0627\u0644\u062d\u0645\u0648\u0636\u0629 \u0648\u0627\u0644\u062d\u0644\u0627\u0648\u0629 \u0627\u0644\u0645\u0645\u064a\u0632\u0629 \u0644\u0644\u063a\u0627\u064a\u0629.<\/p><\/span><\/p>\n<p>&nbsp;<\/p>\n<p style=\"text-align: left;\"><span class=\"fontstyle0\"><p style=\"text-align:right\">\u0644\u064a\u0633 \u0645\u0646 \u0642\u0628\u064a\u0644 \u0627\u0644\u0645\u0635\u0627\u062f\u0641\u0629 \u0623\u0646 \u0623\u0631\u0627\u0628\u064a\u0643\u0627 \u062a\u0633\u062a\u062e\u062f\u0645 \u0641\u064a \u0625\u0646\u062a\u0627\u062c \u0623\u0646\u0648\u0627\u0639 \u0627\u0644\u0642\u0647\u0648\u0629 \u0627\u0644\u0630\u0648\u0627\u0642\u0629 (\u0641\u064a \u0645\u0632\u064a\u062c \u0623\u0648 \u0646\u0642\u064a).<\/p><\/span><\/p>\n<p>&nbsp;<\/p>\n<p style=\"text-align: left;\"><span class=\"fontstyle0\"><p style=\"text-align:right\">\u0645\u0646 \u0646\u0627\u062d\u064a\u0629 \u0623\u062e\u0631\u0649 \u060c \u062a\u0646\u062a\u062c \u062d\u0628\u0648\u0628 \u0627\u0644\u0628\u0646 Conilon \u0645\u0634\u0631\u0648\u0628\u064b\u0627 \u0642\u0648\u064a\u064b\u0627 \u060c \u064a\u0633\u062a\u062e\u062f\u0645 \u0641\u064a \u0627\u0644\u062e\u0644\u0637\u0627\u062a \u060c \u0644\u064a\u062a\u0645 \u0642\u0628\u0648\u0644\u0647 \u0628\u0634\u0643\u0644 \u0623\u0641\u0636\u0644 \u0641\u064a \u0627\u0644\u0633\u0648\u0642 \u0627\u0644\u0645\u062d\u0644\u064a\u0629 (\u064a\u0641\u0636\u0644 \u0627\u0644\u0633\u0648\u0642 \u0627\u0644\u0623\u062c\u0646\u0628\u064a \u0623\u0631\u0627\u0628\u064a\u0643\u0627).<\/p><\/span><\/p>\n<\/div><\/div><\/div><\/div><\/div><\/div><\/div><div class=\"vc_row-full-width vc_clearfix\"><\/div>\n<\/section>","protected":false},"excerpt":{"rendered":"1CAF\u00c9 AR\u00c1BICA 2CAF\u00c9 CONILON 3CAF\u00c9 RUBOSTA Arabica coffee has lower productivity, but although it has few flowering, it is resistant","protected":false},"author":2,"featured_media":0,"parent":0,"menu_order":0,"comment_status":"closed","ping_status":"closed","template":"","meta":{"footnotes":""},"class_list":["post-1367","page","type-page","status-publish","hentry"],"_links":{"self":[{"href":"https:\/\/perception-log.com\/ar\/wp-json\/wp\/v2\/pages\/1367","targetHints":{"allow":["GET"]}}],"collection":[{"href":"https:\/\/perception-log.com\/ar\/wp-json\/wp\/v2\/pages"}],"about":[{"href":"https:\/\/perception-log.com\/ar\/wp-json\/wp\/v2\/types\/page"}],"author":[{"embeddable":true,"href":"https:\/\/perception-log.com\/ar\/wp-json\/wp\/v2\/users\/2"}],"replies":[{"embeddable":true,"href":"https:\/\/perception-log.com\/ar\/wp-json\/wp\/v2\/comments?post=1367"}],"version-history":[{"count":9,"href":"https:\/\/perception-log.com\/ar\/wp-json\/wp\/v2\/pages\/1367\/revisions"}],"predecessor-version":[{"id":1838,"href":"https:\/\/perception-log.com\/ar\/wp-json\/wp\/v2\/pages\/1367\/revisions\/1838"}],"wp:attachment":[{"href":"https:\/\/perception-log.com\/ar\/wp-json\/wp\/v2\/media?parent=1367"}],"curies":[{"name":"wp","href":"https:\/\/api.w.org\/{rel}","templated":true}]}}