{"id":1375,"date":"2023-06-14T19:10:19","date_gmt":"2023-06-14T19:10:19","guid":{"rendered":"\/?page_id=1375"},"modified":"2023-07-31T11:10:39","modified_gmt":"2023-07-31T11:10:39","slug":"meat","status":"publish","type":"page","link":"https:\/\/perception-log.com\/ar\/meat\/","title":{"rendered":"\u0644\u062d\u0645"},"content":{"rendered":"<section class=\"wpb-content-wrapper\"><div data-vc-full-width=\"true\" data-vc-full-width-init=\"false\" data-vc-stretch-content=\"true\" class=\"vc_row wpb_row vc_row-fluid wpb_animate_when_almost_visible wpb_fadeIn fadeIn vc_row-no-padding vc_row-o-full-height vc_row-o-columns-stretch vc_row-o-equal-height vc_row-o-content-middle vc_row-flex\"><div class=\"wpb_column vc_column_container vc_col-sm-6 vc_col-xs-12 vc_col-has-fill\"><div class=\"vc_column-inner vc_custom_1513589022004\"><div class=\"wpb_wrapper\"><div id=\"cz_46103\" class=\"cz_46103 cz_title clr cz_title_pos_inline\"><div class=\"cz_title_content\"><div class=\"cz_wpe_content\"><\/div><\/div><\/div><div id=\"cz_45575\" class=\"cz_45575 cz_title clr cz_mobile_text_center cz_title_pos_inline tac\"><div class=\"cz_title_content\"><div class=\"cz_wpe_content\"><div style=\"line-height: 1; letter-spacing: -2px; text-align: center;\"><span style=\"font-size: 90px; font-weight: bold; display: block;\">Feriashca<\/span><\/div>\n<\/div><\/div><\/div><div class=\"relative\"><div id=\"cz_75644\" class=\"cz_75644 cz_line tac\"><\/div><\/div><div class=\"clr\"><\/div><div id=\"cz_76402\" class=\"cz_76402 cz_title clr cz_title_pos_inline\"><div class=\"cz_title_content\"><div class=\"cz_wpe_content\"><p style=\"text-align: left;\"><span class=\"fontstyle0\">Brazil is one of the world&#8217;s largest beef producers and exporters.<\/span><\/p>\n<p>&nbsp;<\/p>\n<p style=\"text-align: left;\"><span class=\"fontstyle0\">In 2020, the country was the largest exporter of meat in the world, with 2.2 million tons &#8211; 14.4% of the international market.<\/span><\/p>\n<p>&nbsp;<\/p>\n<p style=\"text-align: left;\"><span class=\"fontstyle0\">It has one of the largest and most sustainable cattle herds in the world, counting 218.2m heads of cattle.<\/span><\/p>\n<p>&nbsp;<\/p>\n<p style=\"text-align: left;\"><span class=\"fontstyle0\"> Brazilian cattle production has benefited immensely from the technological advances of the past decades, both in pasture management and diversification, as well as in animal breeding and genetic selection.<\/span><\/p>\n<p>&nbsp;<\/p>\n<p style=\"text-align: left;\"><span class=\"fontstyle0\">The cattle enjoy good nutrition thanks to the wide availability of open pasture lands as well as locally produced grains.<\/span><\/p>\n<p>&nbsp;<\/p>\n<p style=\"text-align: left;\"><span class=\"fontstyle0\">The different breeds of cattle have been carefully selected and cross-bred to thrive in the local tropical conditions.<\/span><\/p>\n<\/div><\/div><\/div><div id=\"cz_31852\" class=\"cz_31852 cz_title clr cz_title_pos_inline\"><div class=\"cz_title_content\"><div class=\"cz_wpe_content\"><p style=\"text-align: left;\"><span class=\"fontstyle0\">The most important cuts of beef in the Brazilian cuisine are:<\/span><\/p>\n<p style=\"text-align: left;\"><span class=\"fontstyle0\">Ac\u00e9m : neck<\/span><\/p>\n<p style=\"text-align: left;\"><span class=\"fontstyle0\">Alcatra : top\/bottom sirloin<\/span><\/p>\n<p style=\"text-align: left;\"><span class=\"fontstyle0\">Contrafil\u00e9 : tenderloin Cox\u00e3o duro : round (upper) Cox\u00e3o mole : round (lower)<\/span><\/p>\n<p style=\"text-align: left;\"><span class=\"fontstyle0\">Fil\u00e9 Mignon : part of the tenderloin<\/span><\/p>\n<p style=\"text-align: left;\"><span class=\"fontstyle0\">Lagarto : round (outer)<\/span><\/p>\n<p style=\"text-align: left;\"><span class=\"fontstyle0\">Maminha : botton sirloin\/flank<\/span><\/p>\n<p style=\"text-align: left;\"><span class=\"fontstyle0\">Patinho : confluence of flank, botton sirloin and rear shank<\/span><\/p>\n<p style=\"text-align: left;\"><span class=\"fontstyle0\">Picanha : rump cover or rump cap<\/span><\/p>\n<p style=\"text-align: left;\"><span class=\"fontstyle0\">Cupim : hump (zebu cattle only) [4]<\/span><\/p>\n<p style=\"text-align: left;\"><span class=\"fontstyle0\">Fraldinha : confluence of short loin, flank and botton sirloin<\/span><\/p>\n<p style=\"text-align: left;\"><span class=\"fontstyle0\">Paleta : chuck\/brisket<\/span><\/p>\n<\/div><\/div><\/div><\/div><\/div><\/div><div class=\"wpb_column vc_column_container vc_col-sm-6 vc_hidden-xs vc_col-has-fill\"><div class=\"vc_column-inner vc_custom_1690579605337\"><div class=\"wpb_wrapper\"><\/div><\/div><\/div><\/div><div class=\"vc_row-full-width vc_clearfix\"><\/div><div data-vc-full-width=\"true\" data-vc-full-width-init=\"false\" data-vc-stretch-content=\"true\" class=\"vc_row wpb_row vc_row-fluid wpb_animate_when_almost_visible wpb_fadeIn fadeIn vc_row-no-padding vc_row-o-full-height vc_row-o-columns-stretch vc_row-o-equal-height vc_row-o-content-middle vc_row-flex\"><div class=\"wpb_column vc_column_container vc_col-sm-6 vc_col-xs-12 vc_col-has-fill\"><div class=\"vc_column-inner vc_custom_1513589022004\"><div class=\"wpb_wrapper\"><\/div><\/div><\/div><div class=\"wpb_column vc_column_container vc_col-sm-6 vc_hidden-xs vc_col-has-fill\"><div class=\"vc_column-inner vc_custom_1690801717820\"><div class=\"wpb_wrapper\"><\/div><\/div><\/div><\/div><div class=\"vc_row-full-width vc_clearfix\"><\/div><div data-vc-full-width=\"true\" data-vc-full-width-init=\"false\" data-vc-stretch-content=\"true\" class=\"vc_row wpb_row vc_row-fluid wpb_animate_when_almost_visible wpb_fadeIn fadeIn vc_row-no-padding vc_row-o-full-height vc_row-o-columns-stretch vc_row-o-equal-height vc_row-o-content-middle vc_row-flex\"><div class=\"wpb_column vc_column_container vc_col-sm-6 vc_hidden-xs vc_col-has-fill\"><div class=\"vc_column-inner vc_custom_1690801380108\"><div class=\"wpb_wrapper\"><\/div><\/div><\/div><div class=\"wpb_column vc_column_container vc_col-sm-6 vc_col-xs-12 vc_col-has-fill\"><div class=\"vc_column-inner vc_custom_1513589022004\"><div class=\"wpb_wrapper\"><div id=\"cz_46103\" class=\"cz_46103 cz_title clr cz_title_pos_inline\"><div class=\"cz_title_content\"><div class=\"cz_wpe_content\"><\/div><\/div><\/div><div id=\"cz_45575\" class=\"cz_45575 cz_title clr cz_mobile_text_center cz_title_pos_inline tac\"><div class=\"cz_title_content\"><div class=\"cz_wpe_content\"><div style=\"line-height: 1; letter-spacing: -2px; text-align: center;\"><span style=\"font-size: 90px; font-weight: bold; display: block;\">Feriashca<\/span><\/div>\n<\/div><\/div><\/div><div class=\"relative\"><div id=\"cz_75644\" class=\"cz_75644 cz_line tac\"><\/div><\/div><div class=\"clr\"><\/div><div id=\"cz_27678\" class=\"cz_27678 cz_title clr cz_title_pos_inline\"><div class=\"cz_title_content\"><div class=\"cz_wpe_content\"><p style=\"text-align: left;\">We export frozen meat immediately after slaughtering and processing, cut according to the customer\u2019s request for any part of the calf, in addition to (burger meat &#8211; steak pieces &#8211; the calf divided into four pieces &#8211; the whole lamb).<\/p>\n<\/div><\/div><\/div><\/div><\/div><\/div><\/div><div class=\"vc_row-full-width vc_clearfix\"><\/div><div class=\"vc_row wpb_row vc_row-fluid\"><div class=\"wpb_column vc_column_container vc_col-sm-12\"><div class=\"vc_column-inner\"><div class=\"wpb_wrapper\"><div class=\"cz_gap clr \" style=\"height: 100px\"><\/div><\/div><\/div><\/div><\/div><div class=\"vc_row wpb_row vc_row-fluid\"><div class=\"wpb_column vc_column_container vc_col-sm-12 vc_hidden-lg vc_hidden-md vc_hidden-sm\"><div class=\"vc_column-inner\"><div class=\"wpb_wrapper\">\n\t<div  class=\"wpb_single_image wpb_content_element vc_align_center\">\n\t\t\n\t\t<figure class=\"wpb_wrapper vc_figure\">\n\t\t\t<div class=\"vc_single_image-wrapper   vc_box_border_grey\"><img decoding=\"async\" width=\"916\" height=\"1030\" src=\"data:image\/svg+xml,%3Csvg%20xmlns%3D&#39;http%3A%2F%2Fwww.w3.org%2F2000%2Fsvg&#39;%20width=&#39;916&#39;%20height=&#39;1030&#39;%20viewBox%3D&#39;0%200%20916%201030&#39;%2F%3E\" data-czlz data-src=\"https:\/\/perception-log.com\/wp-content\/uploads\/2023\/06\/fryashka-1.jpg\" class=\"vc_single_image-img attachment-full\" alt=\"\" title=\"fryashka\" data-srcset=\"https:\/\/perception-log.com\/wp-content\/uploads\/2023\/06\/fryashka-1.jpg 916w, https:\/\/perception-log.com\/wp-content\/uploads\/2023\/06\/fryashka-1-267x300.jpg 267w, https:\/\/perception-log.com\/wp-content\/uploads\/2023\/06\/fryashka-1-911x1024.jpg 911w, https:\/\/perception-log.com\/wp-content\/uploads\/2023\/06\/fryashka-1-768x864.jpg 768w, https:\/\/perception-log.com\/wp-content\/uploads\/2023\/06\/fryashka-1-600x675.jpg 600w\" data-sizes=\"(max-width: 916px) 100vw, 916px\" \/><\/div>\n\t\t<\/figure>\n\t<\/div>\n\n\t<div  class=\"wpb_single_image wpb_content_element vc_align_center\">\n\t\t\n\t\t<figure class=\"wpb_wrapper vc_figure\">\n\t\t\t<div class=\"vc_single_image-wrapper   vc_box_border_grey\"><img decoding=\"async\" width=\"1468\" height=\"1080\" src=\"data:image\/svg+xml,%3Csvg%20xmlns%3D&#39;http%3A%2F%2Fwww.w3.org%2F2000%2Fsvg&#39;%20width=&#39;1468&#39;%20height=&#39;1080&#39;%20viewBox%3D&#39;0%200%201468%201080&#39;%2F%3E\" data-czlz data-src=\"https:\/\/perception-log.com\/wp-content\/uploads\/2023\/07\/WhatsApp-Image-2023-07-26-at-08.46.03.png\" class=\"vc_single_image-img attachment-full\" alt=\"\" title=\"WhatsApp Image 2023-07-26 at 08.46.03\" data-srcset=\"https:\/\/perception-log.com\/wp-content\/uploads\/2023\/07\/WhatsApp-Image-2023-07-26-at-08.46.03.png 1468w, https:\/\/perception-log.com\/wp-content\/uploads\/2023\/07\/WhatsApp-Image-2023-07-26-at-08.46.03-300x221.png 300w, https:\/\/perception-log.com\/wp-content\/uploads\/2023\/07\/WhatsApp-Image-2023-07-26-at-08.46.03-1024x753.png 1024w, https:\/\/perception-log.com\/wp-content\/uploads\/2023\/07\/WhatsApp-Image-2023-07-26-at-08.46.03-768x565.png 768w, https:\/\/perception-log.com\/wp-content\/uploads\/2023\/07\/WhatsApp-Image-2023-07-26-at-08.46.03-16x12.png 16w, https:\/\/perception-log.com\/wp-content\/uploads\/2023\/07\/WhatsApp-Image-2023-07-26-at-08.46.03-600x441.png 600w\" data-sizes=\"(max-width: 1468px) 100vw, 1468px\" \/><\/div>\n\t\t<\/figure>\n\t<\/div>\n\n\t<div  class=\"wpb_single_image wpb_content_element vc_align_center\">\n\t\t\n\t\t<figure class=\"wpb_wrapper vc_figure\">\n\t\t\t<div class=\"vc_single_image-wrapper   vc_box_border_grey\"><img decoding=\"async\" width=\"1024\" height=\"768\" src=\"data:image\/svg+xml,%3Csvg%20xmlns%3D&#39;http%3A%2F%2Fwww.w3.org%2F2000%2Fsvg&#39;%20width=&#39;1024&#39;%20height=&#39;768&#39;%20viewBox%3D&#39;0%200%201024%20768&#39;%2F%3E\" data-czlz data-src=\"https:\/\/perception-log.com\/wp-content\/uploads\/2023\/07\/WhatsApp-Image-2023-07-22-at-23.48.58.jpg\" class=\"vc_single_image-img attachment-full\" alt=\"\" title=\"WhatsApp Image 2023-07-22 at 23.48.58\" data-srcset=\"https:\/\/perception-log.com\/wp-content\/uploads\/2023\/07\/WhatsApp-Image-2023-07-22-at-23.48.58.jpg 1024w, https:\/\/perception-log.com\/wp-content\/uploads\/2023\/07\/WhatsApp-Image-2023-07-22-at-23.48.58-300x225.jpg 300w, https:\/\/perception-log.com\/wp-content\/uploads\/2023\/07\/WhatsApp-Image-2023-07-22-at-23.48.58-768x576.jpg 768w, https:\/\/perception-log.com\/wp-content\/uploads\/2023\/07\/WhatsApp-Image-2023-07-22-at-23.48.58-16x12.jpg 16w, https:\/\/perception-log.com\/wp-content\/uploads\/2023\/07\/WhatsApp-Image-2023-07-22-at-23.48.58-600x450.jpg 600w\" data-sizes=\"(max-width: 1024px) 100vw, 1024px\" \/><\/div>\n\t\t<\/figure>\n\t<\/div>\n<\/div><\/div><\/div><\/div>\n<\/section>","protected":false},"excerpt":{"rendered":"Feriashca Brazil is one of the world's largest beef producers and exporters. &nbsp; In 2020, the country was the largest","protected":false},"author":2,"featured_media":0,"parent":0,"menu_order":0,"comment_status":"closed","ping_status":"closed","template":"","meta":{"footnotes":""},"class_list":["post-1375","page","type-page","status-publish","hentry"],"_links":{"self":[{"href":"https:\/\/perception-log.com\/ar\/wp-json\/wp\/v2\/pages\/1375","targetHints":{"allow":["GET"]}}],"collection":[{"href":"https:\/\/perception-log.com\/ar\/wp-json\/wp\/v2\/pages"}],"about":[{"href":"https:\/\/perception-log.com\/ar\/wp-json\/wp\/v2\/types\/page"}],"author":[{"embeddable":true,"href":"https:\/\/perception-log.com\/ar\/wp-json\/wp\/v2\/users\/2"}],"replies":[{"embeddable":true,"href":"https:\/\/perception-log.com\/ar\/wp-json\/wp\/v2\/comments?post=1375"}],"version-history":[{"count":20,"href":"https:\/\/perception-log.com\/ar\/wp-json\/wp\/v2\/pages\/1375\/revisions"}],"predecessor-version":[{"id":1722,"href":"https:\/\/perception-log.com\/ar\/wp-json\/wp\/v2\/pages\/1375\/revisions\/1722"}],"wp:attachment":[{"href":"https:\/\/perception-log.com\/ar\/wp-json\/wp\/v2\/media?parent=1375"}],"curies":[{"name":"wp","href":"https:\/\/api.w.org\/{rel}","templated":true}]}}